{"id":10,"date":"2021-01-04T21:13:50","date_gmt":"2021-01-04T20:13:50","guid":{"rendered":"http:\/\/kitchen.prankeplitt.de\/?page_id=10"},"modified":"2022-10-20T21:54:50","modified_gmt":"2022-10-20T19:54:50","slug":"kueche-vom-tischler","status":"publish","type":"page","link":"https:\/\/kitchen.prankeplitt.de\/","title":{"rendered":"Ihre Traumk\u00fcche"},"content":{"rendered":"\n<h2 class=\"alignwide has-text-align-wide wp-block-heading\" style=\"font-size:115px;line-height:1.1\">Sie w\u00fcnschen sich die K\u00fcche f\u00fcrs Leben \u2013 wir realisieren Ihren Traum<\/h2>\n\n\n\n<div style=\"height:100px\" aria-hidden=\"true\" class=\"wp-block-spacer\"><\/div>\n\n\n\n<div class=\"wp-block-columns alignwide are-vertically-aligned-center is-style-twentytwentyone-columns-overlap is-layout-flex wp-container-core-columns-is-layout-8f761849 wp-block-columns-is-layout-flex\">\n<div class=\"wp-block-column is-vertically-aligned-center is-layout-flow wp-block-column-is-layout-flow\">\n<figure class=\"wp-block-image alignfull size-large is-style-twentytwentyone-border\"><img decoding=\"async\" src=\"https:\/\/www.prankeplitt.de\/wp-content\/uploads\/2014\/10\/P09_01_web.jpg\" alt=\"K\u00fcche aus Eiche\"\/><\/figure>\n\n\n\n<div style=\"height:100px\" aria-hidden=\"true\" class=\"wp-block-spacer\"><\/div>\n\n\n\n<figure class=\"wp-block-image alignfull size-large is-style-twentytwentyone-image-frame\"><img decoding=\"async\" src=\"https:\/\/www.prankeplitt.de\/wp-content\/uploads\/2014\/10\/kueche_16.jpg\" alt=\"moderne K\u00fcche in wei\u00df\"\/><\/figure>\n<\/div>\n\n\n\n<div class=\"wp-block-column is-vertically-aligned-center is-layout-flow wp-block-column-is-layout-flow\">\n<div style=\"height:100px\" aria-hidden=\"true\" class=\"wp-block-spacer\"><\/div>\n\n\n\n<figure class=\"wp-block-image size-large alignfull size-full is-style-twentytwentyone-border\"><img decoding=\"async\" src=\"https:\/\/www.prankeplitt.de\/wp-content\/uploads\/2014\/10\/kueche_20.jpg\" alt=\"edele K\u00fcche aus Kirchbaum\"\/><\/figure>\n<\/div>\n<\/div>\n\n\n\n<div style=\"height:50px\" aria-hidden=\"true\" class=\"wp-block-spacer\"><\/div>\n\n\n\n<div class=\"wp-block-columns alignwide are-vertically-aligned-top is-layout-flex wp-container-core-columns-is-layout-8f761849 wp-block-columns-is-layout-flex\">\n<div class=\"wp-block-column is-vertically-aligned-top is-layout-flow wp-block-column-is-layout-flow\">\n<h3 class=\"wp-block-heading\">Die K\u00fcche Seele der Wohnung<\/h3>\n\n\n\n<p class=\"wp-block-paragraph\">Die <strong>K\u00fcche<\/strong> ist die Seele der Wohnung. In ihr verbringen wir viele Stunden des Tages, sie ist ein Ort der Kreativit\u00e4t und der Geselligkeit . Wenn sich Funktionalit\u00e4t und Stil perfekt verbinden, wird Ihre K\u00fcche ein Meisterwerk und der Mittelpunkt Ihres Hauses.<\/p>\n<\/div>\n\n\n\n<div class=\"wp-block-column is-vertically-aligned-top is-layout-flow wp-block-column-is-layout-flow\">\n<h3 class=\"wp-block-heading\">Ma\u00dfgeschneiderte K\u00fcchenl\u00f6sungen<\/h3>\n\n\n\n<p class=\"wp-block-paragraph\">Wir fertigen f\u00fcr Sie ma\u00dfgeschneiderte <strong>K\u00fcchenl\u00f6sungen<\/strong>, die sich an Ihrem individuellen Bedarf orientieren . Mit Ihnen gemeinsam entwickeln wir ein Raumkonzept und planen jedes Detail nach Ihren Vorstellungen. Unsere Erfahrung und unsere Ideen garantieren Ihnen, dass Ihre Wunschk\u00fcche Wirklichkeit wird . <\/p>\n<\/div>\n\n\n\n<div class=\"wp-block-column is-vertically-aligned-top is-layout-flow wp-block-column-is-layout-flow\">\n<h3 class=\"wp-block-heading\">Handwerkliche K\u00fcchen Einzelanfertigung<\/h3>\n\n\n\n<p class=\"wp-block-paragraph\">Die handwerkliche Einzelanfertigung verleiht Ihren <strong>K\u00fcchenm\u00f6beln<\/strong> das besondere und unverwechselbare Flair.<\/p>\n<\/div>\n<\/div>\n","protected":false},"excerpt":{"rendered":"<p>Sie w\u00fcnschen sich die K\u00fcche f\u00fcrs Leben \u2013 wir realisieren Ihren Traum Die K\u00fcche Seele der Wohnung Die K\u00fcche ist die Seele der Wohnung. In ihr verbringen wir viele Stunden des Tages, sie ist ein Ort der Kreativit\u00e4t und der Geselligkeit . Wenn sich Funktionalit\u00e4t und Stil perfekt verbinden, wird Ihre K\u00fcche ein Meisterwerk und&hellip; <a class=\"more-link\" href=\"https:\/\/kitchen.prankeplitt.de\/\"><span class=\"screen-reader-text\">Ihre Traumk\u00fcche<\/span> weiterlesen<\/a><\/p>\n","protected":false},"author":1,"featured_media":0,"parent":0,"menu_order":0,"comment_status":"closed","ping_status":"closed","template":"","meta":{"_crdt_document":"","footnotes":""},"class_list":["post-10","page","type-page","status-publish","hentry","entry"],"yoast_head":"<!-- This site is optimized with the Yoast SEO plugin v19.8 - https:\/\/yoast.com\/wordpress\/plugins\/seo\/ -->\n<title>Ihre Traumk\u00fcche - K\u00fcchen von Pranke Plitt<\/title>\n<meta name=\"description\" content=\"Unserer moderne Tischlerei in Erfurt stellt Ihre K\u00fcche nach Ihren W\u00fcnschen individuell her. Sie erhalten tolle Materialien und Qualit\u00e4t!\" \/>\n<meta name=\"robots\" content=\"index, follow, max-snippet:-1, max-image-preview:large, max-video-preview:-1\" \/>\n<link rel=\"canonical\" href=\"https:\/\/kitchen.prankeplitt.de\/\" \/>\n<meta property=\"og:locale\" content=\"de_DE\" \/>\n<meta property=\"og:type\" content=\"article\" \/>\n<meta property=\"og:title\" content=\"Ihre Traumk\u00fcche - K\u00fcchen von Pranke Plitt\" \/>\n<meta property=\"og:description\" content=\"Unserer moderne Tischlerei in Erfurt stellt Ihre K\u00fcche nach Ihren W\u00fcnschen individuell her. Sie erhalten tolle Materialien und Qualit\u00e4t!\" \/>\n<meta property=\"og:url\" content=\"https:\/\/kitchen.prankeplitt.de\/\" \/>\n<meta property=\"og:site_name\" content=\"K\u00fcchen von Pranke Plitt\" \/>\n<meta property=\"article:modified_time\" content=\"2022-10-20T19:54:50+00:00\" \/>\n<meta property=\"og:image\" content=\"https:\/\/www.prankeplitt.de\/wp-content\/uploads\/2014\/10\/P09_01_web.jpg\" \/>\n<meta name=\"twitter:card\" content=\"summary_large_image\" \/>\n<meta name=\"twitter:label1\" content=\"Gesch\u00e4tzte Lesezeit\" \/>\n\t<meta name=\"twitter:data1\" content=\"2\u00a0Minuten\" \/>\n<script type=\"application\/ld+json\" class=\"yoast-schema-graph\">{\"@context\":\"https:\/\/schema.org\",\"@graph\":[{\"@type\":\"WebPage\",\"@id\":\"https:\/\/kitchen.prankeplitt.de\/\",\"url\":\"https:\/\/kitchen.prankeplitt.de\/\",\"name\":\"Ihre Traumk\u00fcche - K\u00fcchen von Pranke Plitt\",\"isPartOf\":{\"@id\":\"https:\/\/kitchen.prankeplitt.de\/#website\"},\"datePublished\":\"2021-01-04T20:13:50+00:00\",\"dateModified\":\"2022-10-20T19:54:50+00:00\",\"description\":\"Unserer moderne Tischlerei in Erfurt stellt Ihre K\u00fcche nach Ihren W\u00fcnschen individuell her. Sie erhalten tolle Materialien und Qualit\u00e4t!\",\"breadcrumb\":{\"@id\":\"https:\/\/kitchen.prankeplitt.de\/#breadcrumb\"},\"inLanguage\":\"de\",\"potentialAction\":[{\"@type\":\"ReadAction\",\"target\":[\"https:\/\/kitchen.prankeplitt.de\/\"]}]},{\"@type\":\"BreadcrumbList\",\"@id\":\"https:\/\/kitchen.prankeplitt.de\/#breadcrumb\",\"itemListElement\":[{\"@type\":\"ListItem\",\"position\":1,\"name\":\"Startseite\",\"item\":\"https:\/\/kitchen.prankeplitt.de\/\"},{\"@type\":\"ListItem\",\"position\":2,\"name\":\"Ihre Traumk\u00fcche\"}]},{\"@type\":\"WebSite\",\"@id\":\"https:\/\/kitchen.prankeplitt.de\/#website\",\"url\":\"https:\/\/kitchen.prankeplitt.de\/\",\"name\":\"K\u00fcchen von Pranke Plitt\",\"description\":\"K\u00fcchen vom Tischler aus Erfurt\",\"publisher\":{\"@id\":\"https:\/\/kitchen.prankeplitt.de\/#organization\"},\"potentialAction\":[{\"@type\":\"SearchAction\",\"target\":{\"@type\":\"EntryPoint\",\"urlTemplate\":\"https:\/\/kitchen.prankeplitt.de\/?s={search_term_string}\"},\"query-input\":\"required name=search_term_string\"}],\"inLanguage\":\"de\"},{\"@type\":\"Organization\",\"@id\":\"https:\/\/kitchen.prankeplitt.de\/#organization\",\"name\":\"K\u00fcchen von Pranke Plitt\",\"url\":\"https:\/\/kitchen.prankeplitt.de\/\",\"sameAs\":[],\"logo\":{\"@type\":\"ImageObject\",\"inLanguage\":\"de\",\"@id\":\"https:\/\/kitchen.prankeplitt.de\/#\/schema\/logo\/image\/\",\"url\":\"https:\/\/kitchen.prankeplitt.de\/wp-content\/uploads\/2021\/01\/LogoPrankePlitt.jpg\",\"contentUrl\":\"https:\/\/kitchen.prankeplitt.de\/wp-content\/uploads\/2021\/01\/LogoPrankePlitt.jpg\",\"width\":131,\"height\":130,\"caption\":\"K\u00fcchen von Pranke Plitt\"},\"image\":{\"@id\":\"https:\/\/kitchen.prankeplitt.de\/#\/schema\/logo\/image\/\"}}]}<\/script>\n<!-- \/ Yoast SEO plugin. -->","yoast_head_json":{"title":"Ihre Traumk\u00fcche - K\u00fcchen von Pranke Plitt","description":"Unserer moderne Tischlerei in Erfurt stellt Ihre K\u00fcche nach Ihren W\u00fcnschen individuell her. Sie erhalten tolle Materialien und Qualit\u00e4t!","robots":{"index":"index","follow":"follow","max-snippet":"max-snippet:-1","max-image-preview":"max-image-preview:large","max-video-preview":"max-video-preview:-1"},"canonical":"https:\/\/kitchen.prankeplitt.de\/","og_locale":"de_DE","og_type":"article","og_title":"Ihre Traumk\u00fcche - K\u00fcchen von Pranke Plitt","og_description":"Unserer moderne Tischlerei in Erfurt stellt Ihre K\u00fcche nach Ihren W\u00fcnschen individuell her. Sie erhalten tolle Materialien und Qualit\u00e4t!","og_url":"https:\/\/kitchen.prankeplitt.de\/","og_site_name":"K\u00fcchen von Pranke Plitt","article_modified_time":"2022-10-20T19:54:50+00:00","og_image":[{"url":"https:\/\/www.prankeplitt.de\/wp-content\/uploads\/2014\/10\/P09_01_web.jpg"}],"twitter_card":"summary_large_image","twitter_misc":{"Gesch\u00e4tzte Lesezeit":"2\u00a0Minuten"},"schema":{"@context":"https:\/\/schema.org","@graph":[{"@type":"WebPage","@id":"https:\/\/kitchen.prankeplitt.de\/","url":"https:\/\/kitchen.prankeplitt.de\/","name":"Ihre Traumk\u00fcche - K\u00fcchen von Pranke Plitt","isPartOf":{"@id":"https:\/\/kitchen.prankeplitt.de\/#website"},"datePublished":"2021-01-04T20:13:50+00:00","dateModified":"2022-10-20T19:54:50+00:00","description":"Unserer moderne Tischlerei in Erfurt stellt Ihre K\u00fcche nach Ihren W\u00fcnschen individuell her. Sie erhalten tolle Materialien und Qualit\u00e4t!","breadcrumb":{"@id":"https:\/\/kitchen.prankeplitt.de\/#breadcrumb"},"inLanguage":"de","potentialAction":[{"@type":"ReadAction","target":["https:\/\/kitchen.prankeplitt.de\/"]}]},{"@type":"BreadcrumbList","@id":"https:\/\/kitchen.prankeplitt.de\/#breadcrumb","itemListElement":[{"@type":"ListItem","position":1,"name":"Startseite","item":"https:\/\/kitchen.prankeplitt.de\/"},{"@type":"ListItem","position":2,"name":"Ihre Traumk\u00fcche"}]},{"@type":"WebSite","@id":"https:\/\/kitchen.prankeplitt.de\/#website","url":"https:\/\/kitchen.prankeplitt.de\/","name":"K\u00fcchen von Pranke Plitt","description":"K\u00fcchen vom Tischler aus Erfurt","publisher":{"@id":"https:\/\/kitchen.prankeplitt.de\/#organization"},"potentialAction":[{"@type":"SearchAction","target":{"@type":"EntryPoint","urlTemplate":"https:\/\/kitchen.prankeplitt.de\/?s={search_term_string}"},"query-input":"required name=search_term_string"}],"inLanguage":"de"},{"@type":"Organization","@id":"https:\/\/kitchen.prankeplitt.de\/#organization","name":"K\u00fcchen von Pranke Plitt","url":"https:\/\/kitchen.prankeplitt.de\/","sameAs":[],"logo":{"@type":"ImageObject","inLanguage":"de","@id":"https:\/\/kitchen.prankeplitt.de\/#\/schema\/logo\/image\/","url":"https:\/\/kitchen.prankeplitt.de\/wp-content\/uploads\/2021\/01\/LogoPrankePlitt.jpg","contentUrl":"https:\/\/kitchen.prankeplitt.de\/wp-content\/uploads\/2021\/01\/LogoPrankePlitt.jpg","width":131,"height":130,"caption":"K\u00fcchen von Pranke Plitt"},"image":{"@id":"https:\/\/kitchen.prankeplitt.de\/#\/schema\/logo\/image\/"}}]}},"_links":{"self":[{"href":"https:\/\/kitchen.prankeplitt.de\/index.php\/wp-json\/wp\/v2\/pages\/10","targetHints":{"allow":["GET"]}}],"collection":[{"href":"https:\/\/kitchen.prankeplitt.de\/index.php\/wp-json\/wp\/v2\/pages"}],"about":[{"href":"https:\/\/kitchen.prankeplitt.de\/index.php\/wp-json\/wp\/v2\/types\/page"}],"author":[{"embeddable":true,"href":"https:\/\/kitchen.prankeplitt.de\/index.php\/wp-json\/wp\/v2\/users\/1"}],"replies":[{"embeddable":true,"href":"https:\/\/kitchen.prankeplitt.de\/index.php\/wp-json\/wp\/v2\/comments?post=10"}],"version-history":[{"count":6,"href":"https:\/\/kitchen.prankeplitt.de\/index.php\/wp-json\/wp\/v2\/pages\/10\/revisions"}],"predecessor-version":[{"id":56,"href":"https:\/\/kitchen.prankeplitt.de\/index.php\/wp-json\/wp\/v2\/pages\/10\/revisions\/56"}],"wp:attachment":[{"href":"https:\/\/kitchen.prankeplitt.de\/index.php\/wp-json\/wp\/v2\/media?parent=10"}],"curies":[{"name":"wp","href":"https:\/\/api.w.org\/{rel}","templated":true}]}}